{"id":11702,"date":"2025-07-14T09:22:21","date_gmt":"2025-07-14T07:22:21","guid":{"rendered":"https:\/\/hausarzt-emmerich.online\/?page_id=11702"},"modified":"2025-11-22T23:37:56","modified_gmt":"2025-11-22T22:37:56","slug":"impressum","status":"publish","type":"page","link":"https:\/\/hausarzt-emmerich.online\/en\/impressum\/","title":{"rendered":"Impressum"},"content":{"rendered":"<div data-elementor-type=\"wp-page\" data-elementor-id=\"11702\" class=\"elementor elementor-11702\">\n\t\t\t\t        <section class=\"elementor-section elementor-top-section elementor-element elementor-element-e38d6e8 elementor-section-stretched elementor-section-boxed elementor-section-height-default elementor-section-height-default pxl-row-scroll-none pxl-zoom-point-false pxl-section-overflow-visible pxl-section-fix-none pxl-bg-color-none pxl-section-overlay-none\" data-id=\"e38d6e8\" data-element_type=\"section\" data-e-type=\"section\" data-settings=\"{&quot;stretch_section&quot;:&quot;section-stretched&quot;}\">\n\n                \n                <div class=\"elementor-container elementor-column-gap-extended\">\n                <div class=\"elementor-column elementor-col-100 elementor-top-column elementor-element elementor-element-23a8516 pxl-column-none\" data-id=\"23a8516\" data-element_type=\"column\" data-e-type=\"column\" data-settings=\"{&quot;background_background&quot;:&quot;classic&quot;}\">\r\n        <div class=\"elementor-widget-wrap elementor-element-populated\">\r\n                                <div class=\"elementor-background-overlay\"><\/div>\r\n         \r\n                <section class=\"elementor-section elementor-inner-section elementor-element elementor-element-737da16 elementor-section-content-bottom elementor-section-boxed elementor-section-height-default elementor-section-height-default pxl-row-scroll-none pxl-zoom-point-false pxl-section-overflow-visible pxl-section-fix-none pxl-bg-color-none pxl-section-overlay-none\" data-id=\"737da16\" data-element_type=\"section\" data-e-type=\"section\">\n\n                \n                <div class=\"elementor-container elementor-column-gap-extended\">\n                <div class=\"elementor-column elementor-col-50 elementor-inner-column elementor-element elementor-element-8f3959b pxl-column-none pxl-column-overflow-hidden-no\" data-id=\"8f3959b\" data-element_type=\"column\" data-e-type=\"column\">\r\n        <div class=\"elementor-widget-wrap elementor-element-populated\">\r\n                     \r\n        \t\t<div class=\"elementor-element elementor-element-bfcda48 elementor-widget__width-auto elementor-widget elementor-widget-pxl_heading\" data-id=\"bfcda48\" data-element_type=\"widget\" data-e-type=\"widget\" data-widget_type=\"pxl_heading.default\">\n\t\t\t\t<div class=\"elementor-widget-container\">\n\t\t\t\t\t\n<div id=\"pxl-pxl_heading-bfcda48-9350\" class=\"pxl-heading px-sub-title-default-style\">\n\t<div class=\"pxl-heading--inner\">\n\t\t\n\t\t<h3 class=\"pxl-item--title style-default  highlight-default\" data-wow-delay=\"ms\">\n\t\t\t\t\tImpressum\t\n\t\t\t\n\t\t<\/h3>\n\t\t\n\t<\/div>\n<\/div>\t\t\t\t<\/div>\n\t\t\t\t<\/div>\n\t\t            <\/div>\r\n        <\/div>\r\n                <div class=\"elementor-column elementor-col-50 elementor-inner-column elementor-element elementor-element-adab693 pxl-column-none pxl-column-overflow-hidden-no\" data-id=\"adab693\" data-element_type=\"column\" data-e-type=\"column\">\r\n        <div class=\"elementor-widget-wrap elementor-element-populated\">\r\n                     \r\n        \t\t<div class=\"elementor-element elementor-element-63a46ee elementor-widget__width-auto elementor-widget elementor-widget-pxl_breadcrumb\" data-id=\"63a46ee\" data-element_type=\"widget\" data-e-type=\"widget\" data-widget_type=\"pxl_breadcrumb.default\">\n\t\t\t\t<div class=\"elementor-widget-container\">\n\t\t\t\t\t<div class=\"pxl-breadcrumb-wrap\">\n\t<ul class=\"pxl-breadcrumb\"><li><span class=\"breadcrumb-entry\">Home<\/span><\/li><\/ul><\/div>\t\t\t\t<\/div>\n\t\t\t\t<\/div>\n\t\t            <\/div>\r\n        <\/div>\r\n        \t\t\t<\/div>\n\t\t<\/section>\n\t\t            <\/div>\r\n        <\/div>\r\n        \t\t\t<\/div>\n\t\t<\/section>\n\t\t        <section class=\"elementor-section elementor-top-section elementor-element elementor-element-a048108 elementor-section-stretched elementor-section-boxed elementor-section-height-default elementor-section-height-default pxl-row-scroll-none pxl-zoom-point-false pxl-section-overflow-visible pxl-section-fix-none pxl-bg-color-none pxl-section-overlay-none\" data-id=\"a048108\" data-element_type=\"section\" data-e-type=\"section\" data-settings=\"{&quot;stretch_section&quot;:&quot;section-stretched&quot;}\">\n\n                \n                <div class=\"elementor-container elementor-column-gap-extended\">\n                <div class=\"elementor-column elementor-col-100 elementor-top-column elementor-element elementor-element-dac1a3f pxl-column-none\" data-id=\"dac1a3f\" data-element_type=\"column\" data-e-type=\"column\">\r\n        <div class=\"elementor-widget-wrap elementor-element-populated\">\r\n                                <div class=\"elementor-background-overlay\"><\/div>\r\n         \r\n        \t\t<div class=\"elementor-element elementor-element-918c798 elementor-widget-divider--view-line elementor-widget elementor-widget-divider\" data-id=\"918c798\" data-element_type=\"widget\" data-e-type=\"widget\" data-widget_type=\"divider.default\">\n\t\t\t\t<div class=\"elementor-widget-container\">\n\t\t\t\t\t\t\t<div class=\"elementor-divider\">\n\t\t\t<span class=\"elementor-divider-separator\">\n\t\t\t\t\t\t<\/span>\n\t\t<\/div>\n\t\t\t\t\t\t<\/div>\n\t\t\t\t<\/div>\n\t\t        <section class=\"elementor-section elementor-inner-section elementor-element elementor-element-21cfd6b elementor-section-content-middle elementor-section-boxed elementor-section-height-default elementor-section-height-default pxl-row-scroll-none pxl-zoom-point-false pxl-section-overflow-visible pxl-section-fix-none pxl-bg-color-none pxl-section-overlay-none\" data-id=\"21cfd6b\" data-element_type=\"section\" data-e-type=\"section\">\n\n                \n                <div class=\"elementor-container elementor-column-gap-extended\">\n                <div class=\"elementor-column elementor-col-100 elementor-inner-column elementor-element elementor-element-c165007 pxl-column-none pxl-column-overflow-hidden-no\" data-id=\"c165007\" data-element_type=\"column\" data-e-type=\"column\">\r\n        <div class=\"elementor-widget-wrap elementor-element-populated\">\r\n                     \r\n        \t\t<div class=\"elementor-element elementor-element-5ed43f7 elementor-widget elementor-widget-pxl_text_editor\" data-id=\"5ed43f7\" data-element_type=\"widget\" data-e-type=\"widget\" data-widget_type=\"pxl_text_editor.default\">\n\t\t\t\t<div class=\"elementor-widget-container\">\n\t\t\t\t\t<div class=\"pxl-text-editor default\">\n\t<div class=\"pxl-item--inner  ft-gt\" data-wow-delay=\"ms\">\n\t\t<h1>Impressum<\/h1><p>Arun Subburayalu<br \/>HausArztPraxis am Vital<br \/>Dr. med. Arun Subburayalu<br \/>Moritz-von-Nassau-Str. 19<br \/>46446 Emmerich am Rhein<\/p><h4>Kontakt<\/h4><p>Telefon: +49 (0) 2822 \/ 96547-0<br \/>Telefax: +49 (0) 2822 \/ 96547-29<br \/>E-Mail: mail@hausarzt-emmerich.de<\/p><h4>Berufsbezeichnung und berufsrechtliche Regelungen<\/h4><p>Berufsbezeichnung:<br \/>Arzt (verliehen in der Bundesrepublik Deutschland)<\/p><p>Zust\u00e4ndige Aufsichtsbeh\u00f6rde:<br \/>Kassen\u00e4rztliche Vereinigung Nordrhein<br \/>Tersteegenstra\u00dfe 9<br \/>40474 D\u00fcsseldorf<\/p><p>Zust\u00e4ndige Kammer:<br \/>\u00c4rztekammer Nordrhein,<br \/>K\u00f6rperschaft des \u00f6ffentlichen Rechts<br \/>Tersteegenstra\u00dfe 9<br \/>40474 D\u00fcsseldorf<\/p><p>Verliehen in:<br \/>Bundesrepublik Deutschland<\/p><p>Es gelten folgende berufsrechtliche Regelungen:<\/p><p>Berufsordnung der \u00c4rztekammer Nordrhein<br \/>einsehbar unter: <a href=\"https:\/\/www.aekno.de\/aerzte\/berufsordnung\" target=\"_blank\" rel=\"noopener noreferrer\">https:\/\/www.aekno.de\/aerzte\/berufsordnung<\/a><\/p><p>Heilberufsgesetz NRW<br \/>einsehbar unter: <a href=\"https:\/\/recht.nrw.de\/lmi\/owa\/br_text_anzeigen?v_id=10000000000000000065\" target=\"_blank\" rel=\"noopener noreferrer\">https:\/\/recht.nrw.de\/lmi\/owa\/br_text_anzeigen?v_id=10000000000000000065<\/a><\/p><h4>Redaktionell verantwortlich<\/h4><p>Dr. med Arun Subburayalu (Adresse wie oben.)<\/p><h5>Verbraucher\u00adstreit\u00adbeilegung\/Universal\u00adschlichtungs\u00adstelle<\/h5><p>Wir sind nicht bereit oder verpflichtet, an Streitbeilegungsverfahren vor einer Verbraucherschlichtungsstelle teilzunehmen.<\/p>\t\t\n\t<\/div>\n<\/div>\t\t\t\t<\/div>\n\t\t\t\t<\/div>\n\t\t            <\/div>\r\n        <\/div>\r\n        \t\t\t<\/div>\n\t\t<\/section>\n\t\t\t\t<div class=\"elementor-element elementor-element-abce361 elementor-widget elementor-widget-text-editor\" data-id=\"abce361\" data-element_type=\"widget\" data-e-type=\"widget\" data-widget_type=\"text-editor.default\">\n\t\t\t\t<div class=\"elementor-widget-container\">\n\t\t\t\t\t\t\t\t\t<p><strong>Die im Impressum genannte Person ist zugleich Domaininhaber sowie administrativer (Admin-C) und technischer Ansprechpartner (Tech-C) der hier genannten Internetdomain.<\/strong> Sie nimmt alle damit verbundenen administrativen und technischen Aufgaben wahr und ist f\u00fcr die Verwaltung, Konfiguration und technische Betreuung der Domain verantwortlich.<\/p>\t\t\t\t\t\t\t\t<\/div>\n\t\t\t\t<\/div>\n\t\t\t\t<div class=\"elementor-element elementor-element-c4db172 elementor-widget-divider--view-line elementor-widget elementor-widget-divider\" data-id=\"c4db172\" data-element_type=\"widget\" data-e-type=\"widget\" data-widget_type=\"divider.default\">\n\t\t\t\t<div class=\"elementor-widget-container\">\n\t\t\t\t\t\t\t<div class=\"elementor-divider\">\n\t\t\t<span class=\"elementor-divider-separator\">\n\t\t\t\t\t\t<\/span>\n\t\t<\/div>\n\t\t\t\t\t\t<\/div>\n\t\t\t\t<\/div>\n\t\t            <\/div>\r\n        <\/div>\r\n        \t\t\t<\/div>\n\t\t<\/section>\n\t\t        <section class=\"elementor-section elementor-top-section elementor-element elementor-element-6751c04 elementor-section-boxed elementor-section-height-default elementor-section-height-default pxl-row-scroll-none pxl-zoom-point-false pxl-section-overflow-visible pxl-section-fix-none pxl-bg-color-none pxl-section-overlay-none\" data-id=\"6751c04\" data-element_type=\"section\" data-e-type=\"section\">\n\n                \n                <div class=\"elementor-container elementor-column-gap-default\">\n                <div class=\"elementor-column elementor-col-100 elementor-top-column elementor-element elementor-element-7e58618 pxl-column-none pxl-column-overflow-hidden-no\" data-id=\"7e58618\" data-element_type=\"column\" data-e-type=\"column\">\r\n        <div class=\"elementor-widget-wrap elementor-element-populated\">\r\n                     \r\n        \t\t<div class=\"elementor-element elementor-element-c7d6a14 elementor-widget elementor-widget-text-editor\" data-id=\"c7d6a14\" data-element_type=\"widget\" data-e-type=\"widget\" data-widget_type=\"text-editor.default\">\n\t\t\t\t<div class=\"elementor-widget-container\">\n\t\t\t\t\t\t\t\t\t<h6 data-start=\"201\" data-end=\"236\">Rechtlicher Hinweis (Disclaimer)<\/h6><p data-start=\"238\" data-end=\"499\"><span style=\"color: #999999;\"><em>Die auf dieser Website bereitgestellten Informationen dienen ausschlie\u00dflich der allgemeinen Gesundheitsbildung und ersetzen <strong data-start=\"362\" data-end=\"432\">keine pers\u00f6nliche \u00e4rztliche Untersuchung, Beratung oder Behandlung<\/strong>. Sie stellen <strong data-start=\"446\" data-end=\"492\">keine individuelle medizinische Empfehlung<\/strong> dar. Trotz sorgf\u00e4ltiger Pr\u00fcfung k\u00f6nnen wir keine Gew\u00e4hr f\u00fcr die Vollst\u00e4ndigkeit, Richtigkeit und Aktualit\u00e4t der Inhalte \u00fcbernehmen. Medizinisches Wissen unterliegt einem stetigen Wandel, sodass einzelne Angaben \u00fcberholt sein k\u00f6nnen.Bitte wenden Sie sich bei gesundheitlichen Beschwerden oder Fragen zur Diagnose und Therapie immer an eine qualifizierte \u00c4rztin oder einen qualifizierten Arzt. Nehmen Sie <strong data-start=\"903\" data-end=\"952\">keine Selbstdiagnosen oder Selbstbehandlungen<\/strong> ausschlie\u00dflich auf Grundlage der hier dargestellten Informationen vor. Wir \u00fcbernehmen keinerlei Haftung f\u00fcr Sch\u00e4den oder Unannehmlichkeiten, die durch den Gebrauch oder Missbrauch unserer Informationen entstehen.<\/em><\/span><\/p>\t\t\t\t\t\t\t\t<\/div>\n\t\t\t\t<\/div>\n\t\t            <\/div>\r\n        <\/div>\r\n        \t\t\t<\/div>\n\t\t<\/section>\n\t\t\t\t<\/div>","protected":false},"excerpt":{"rendered":"<p>Impressum Home Impressum Arun SubburayaluHausArztPraxis am VitalDr. med. Arun SubburayaluMoritz-von-Nassau-Str. 1946446 Emmerich am Rhein Kontakt Telefon: +49 (0) 2822 \/ 96547-0Telefax: +49 (0) 2822 \/ 96547-29E-Mail: mail@hausarzt-emmerich.de Berufsbezeichnung und berufsrechtliche Regelungen Berufsbezeichnung:Arzt (verliehen in der Bundesrepublik Deutschland) Zust\u00e4ndige Aufsichtsbeh\u00f6rde:Kassen\u00e4rztliche Vereinigung NordrheinTersteegenstra\u00dfe 940474 D\u00fcsseldorf Zust\u00e4ndige Kammer:\u00c4rztekammer Nordrhein,K\u00f6rperschaft des \u00f6ffentlichen RechtsTersteegenstra\u00dfe 940474 D\u00fcsseldorf Verliehen in:Bundesrepublik Deutschland Es [&hellip;]<\/p>\n","protected":false},"author":1,"featured_media":0,"parent":0,"menu_order":0,"comment_status":"closed","ping_status":"closed","template":"","meta":{"footnotes":""},"class_list":["post-11702","page","type-page","status-publish","hentry"],"_links":{"self":[{"href":"https:\/\/hausarzt-emmerich.online\/en\/wp-json\/wp\/v2\/pages\/11702","targetHints":{"allow":["GET"]}}],"collection":[{"href":"https:\/\/hausarzt-emmerich.online\/en\/wp-json\/wp\/v2\/pages"}],"about":[{"href":"https:\/\/hausarzt-emmerich.online\/en\/wp-json\/wp\/v2\/types\/page"}],"author":[{"embeddable":true,"href":"https:\/\/hausarzt-emmerich.online\/en\/wp-json\/wp\/v2\/users\/1"}],"replies":[{"embeddable":true,"href":"https:\/\/hausarzt-emmerich.online\/en\/wp-json\/wp\/v2\/comments?post=11702"}],"version-history":[{"count":35,"href":"https:\/\/hausarzt-emmerich.online\/en\/wp-json\/wp\/v2\/pages\/11702\/revisions"}],"predecessor-version":[{"id":15028,"href":"https:\/\/hausarzt-emmerich.online\/en\/wp-json\/wp\/v2\/pages\/11702\/revisions\/15028"}],"wp:attachment":[{"href":"https:\/\/hausarzt-emmerich.online\/en\/wp-json\/wp\/v2\/media?parent=11702"}],"curies":[{"name":"wp","href":"https:\/\/api.w.org\/{rel}","templated":true}]}}