{"id":12778,"date":"2025-09-03T15:46:37","date_gmt":"2025-09-03T13:46:37","guid":{"rendered":"https:\/\/hausarzt-emmerich.online\/?page_id=12778"},"modified":"2025-09-03T17:43:52","modified_gmt":"2025-09-03T15:43:52","slug":"ems-therapie-training","status":"publish","type":"page","link":"https:\/\/hausarzt-emmerich.online\/en\/ems-therapie-training\/","title":{"rendered":"EMS-Therapie &#038; Training"},"content":{"rendered":"<div data-elementor-type=\"wp-page\" data-elementor-id=\"12778\" class=\"elementor elementor-12778\">\n\t\t\t\t        <section class=\"elementor-section elementor-top-section elementor-element elementor-element-9daf9fd elementor-section-stretched elementor-section-boxed elementor-section-height-default elementor-section-height-default pxl-row-scroll-none pxl-zoom-point-false pxl-section-overflow-visible pxl-section-fix-none pxl-bg-color-none pxl-section-overlay-none\" data-id=\"9daf9fd\" data-element_type=\"section\" data-e-type=\"section\" data-settings=\"{&quot;stretch_section&quot;:&quot;section-stretched&quot;}\">\n\n                \n                <div class=\"elementor-container elementor-column-gap-extended\">\n                <div class=\"elementor-column elementor-col-100 elementor-top-column elementor-element elementor-element-36d25df pxl-column-none\" data-id=\"36d25df\" data-element_type=\"column\" data-e-type=\"column\" data-settings=\"{&quot;background_background&quot;:&quot;classic&quot;}\">\r\n        <div class=\"elementor-widget-wrap elementor-element-populated\">\r\n                                <div class=\"elementor-background-overlay\"><\/div>\r\n         \r\n                <section class=\"elementor-section elementor-inner-section elementor-element elementor-element-709cb5b elementor-section-content-bottom elementor-section-boxed elementor-section-height-default elementor-section-height-default pxl-row-scroll-none pxl-zoom-point-false pxl-section-overflow-visible pxl-section-fix-none pxl-bg-color-none pxl-section-overlay-none\" data-id=\"709cb5b\" data-element_type=\"section\" data-e-type=\"section\">\n\n                \n                <div class=\"elementor-container elementor-column-gap-extended\">\n                <div class=\"elementor-column elementor-col-50 elementor-inner-column elementor-element elementor-element-fa4d617 pxl-column-none pxl-column-overflow-hidden-no\" data-id=\"fa4d617\" data-element_type=\"column\" data-e-type=\"column\">\r\n        <div class=\"elementor-widget-wrap elementor-element-populated\">\r\n                     \r\n        \t\t<div class=\"elementor-element elementor-element-77b8d3f elementor-widget__width-auto elementor-widget elementor-widget-pxl_heading\" data-id=\"77b8d3f\" data-element_type=\"widget\" data-e-type=\"widget\" data-widget_type=\"pxl_heading.default\">\n\t\t\t\t<div class=\"elementor-widget-container\">\n\t\t\t\t\t\n<div id=\"pxl-pxl_heading-77b8d3f-4168\" class=\"pxl-heading px-sub-title-default-style\">\n\t<div class=\"pxl-heading--inner\">\n\t\t\n\t\t<h3 class=\"pxl-item--title style-default  highlight-default\" data-wow-delay=\"ms\">\n\t\t\t\t\tEMS-Therapie &#038; Training\t\n\t\t\t\n\t\t<\/h3>\n\t\t\n\t<\/div>\n<\/div>\t\t\t\t<\/div>\n\t\t\t\t<\/div>\n\t\t            <\/div>\r\n        <\/div>\r\n                <div class=\"elementor-column elementor-col-50 elementor-inner-column elementor-element elementor-element-0a22df0 pxl-column-none pxl-column-overflow-hidden-no\" data-id=\"0a22df0\" data-element_type=\"column\" data-e-type=\"column\">\r\n        <div class=\"elementor-widget-wrap elementor-element-populated\">\r\n                     \r\n        \t\t<div class=\"elementor-element elementor-element-49288e6 elementor-widget__width-auto elementor-widget elementor-widget-pxl_breadcrumb\" data-id=\"49288e6\" data-element_type=\"widget\" data-e-type=\"widget\" data-widget_type=\"pxl_breadcrumb.default\">\n\t\t\t\t<div class=\"elementor-widget-container\">\n\t\t\t\t\t<div class=\"pxl-breadcrumb-wrap\">\n\t<ul class=\"pxl-breadcrumb\"><li><span class=\"breadcrumb-entry\">Home<\/span><\/li><\/ul><\/div>\t\t\t\t<\/div>\n\t\t\t\t<\/div>\n\t\t            <\/div>\r\n        <\/div>\r\n        \t\t\t<\/div>\n\t\t<\/section>\n\t\t            <\/div>\r\n        <\/div>\r\n        \t\t\t<\/div>\n\t\t<\/section>\n\t\t        <section class=\"elementor-section elementor-top-section elementor-element elementor-element-b73b551 elementor-section-stretched elementor-section-boxed elementor-section-height-default elementor-section-height-default pxl-row-scroll-none pxl-zoom-point-false pxl-section-overflow-visible pxl-section-fix-none pxl-bg-color-none pxl-section-overlay-none\" data-id=\"b73b551\" data-element_type=\"section\" data-e-type=\"section\" data-settings=\"{&quot;stretch_section&quot;:&quot;section-stretched&quot;}\">\n\n                \n                <div class=\"elementor-container elementor-column-gap-extended\">\n                <div class=\"elementor-column elementor-col-100 elementor-top-column elementor-element elementor-element-e5dc804 pxl-column-none\" data-id=\"e5dc804\" data-element_type=\"column\" data-e-type=\"column\">\r\n        <div class=\"elementor-widget-wrap elementor-element-populated\">\r\n                                <div class=\"elementor-background-overlay\"><\/div>\r\n         \r\n                <section class=\"elementor-section elementor-inner-section elementor-element elementor-element-bff419d elementor-section-content-middle elementor-section-boxed elementor-section-height-default elementor-section-height-default pxl-row-scroll-none pxl-zoom-point-false pxl-section-overflow-visible pxl-section-fix-none pxl-bg-color-none pxl-section-overlay-none\" data-id=\"bff419d\" data-element_type=\"section\" data-e-type=\"section\">\n\n                \n                <div class=\"elementor-container elementor-column-gap-extended\">\n                <div class=\"elementor-column elementor-col-50 elementor-inner-column elementor-element elementor-element-bf2447c pxl-column-none pxl-column-overflow-hidden-no\" data-id=\"bf2447c\" data-element_type=\"column\" data-e-type=\"column\">\r\n        <div class=\"elementor-widget-wrap elementor-element-populated\">\r\n                     \r\n        \t\t<div class=\"elementor-element elementor-element-f98ad5f elementor-widget elementor-widget-pxl_text_editor\" data-id=\"f98ad5f\" data-element_type=\"widget\" data-e-type=\"widget\" data-widget_type=\"pxl_text_editor.default\">\n\t\t\t\t<div class=\"elementor-widget-container\">\n\t\t\t\t\t<div class=\"pxl-text-editor default\">\n\t<div class=\"pxl-item--inner  ft-gt\" data-wow-delay=\"ms\">\n\t\t<p>Sie haben Fragen zu unseren Leistungen? Senden Sie uns bitte eine E-Mail. Bitte ber\u00fccksichtigen Sie, dass wir 1 bis 3 Werktage zur Beantwortung Ihrer Fragen ben\u00f6tigen. Pr\u00fcfen Sie ggf. den SPAM-Ordner Ihres E-Mail Postfaches, falls Sie unsere Antwort noch vermissen. Vielen Dank!<\/p>\t\t\n\t<\/div>\n<\/div>\t\t\t\t<\/div>\n\t\t\t\t<\/div>\n\t\t            <\/div>\r\n        <\/div>\r\n                <div class=\"elementor-column elementor-col-50 elementor-inner-column elementor-element elementor-element-e093474 pxl-column-none pxl-column-overflow-hidden-no\" data-id=\"e093474\" data-element_type=\"column\" data-e-type=\"column\">\r\n        <div class=\"elementor-widget-wrap elementor-element-populated\">\r\n                     \r\n        \t\t<div class=\"elementor-element elementor-element-f02949d elementor-widget__width-auto ft-gt elementor-widget elementor-widget-pxl_icon_box\" data-id=\"f02949d\" data-element_type=\"widget\" data-e-type=\"widget\" data-widget_type=\"pxl_icon_box.default\">\n\t\t\t\t<div class=\"elementor-widget-container\">\n\t\t\t\t\t<div class=\"pxl-icon-box pxl-icon-box1 style-2 ani3\" data-wow-delay=\"ms\">\r\n    <div class=\"pxl-item--inner\">\r\n        \r\n                            <div class=\"pxl-item--icon\">\r\n                                    <i aria-hidden=\"true\" class=\"bootstrap-icons bi-envelope-exclamation\"><\/i>                                <\/div>\r\n                        <div class=\"pxl-item--meta\">\r\n            <h5 class=\"pxl-item--title el-empty\">\r\n                                                <\/h5>\r\n            <div class=\"pxl-item--description el-empty\">mail@hausarzt-emmerich.de<\/div>\r\n        <\/div>\r\n    <\/div>\r\n<\/div>\t\t\t\t<\/div>\n\t\t\t\t<\/div>\n\t\t            <\/div>\r\n        <\/div>\r\n        \t\t\t<\/div>\n\t\t<\/section>\n\t\t            <\/div>\r\n        <\/div>\r\n        \t\t\t<\/div>\n\t\t<\/section>\n\t\t        <section class=\"elementor-section elementor-top-section elementor-element elementor-element-d16378d elementor-section-stretched elementor-section-boxed elementor-section-height-default elementor-section-height-default pxl-row-scroll-none pxl-zoom-point-false pxl-section-overflow-visible pxl-section-fix-none pxl-bg-color-none pxl-section-overlay-none\" data-id=\"d16378d\" data-element_type=\"section\" data-e-type=\"section\" data-settings=\"{&quot;stretch_section&quot;:&quot;section-stretched&quot;}\">\n\n                \n                <div class=\"elementor-container elementor-column-gap-extended\">\n                <div class=\"elementor-column elementor-col-100 elementor-top-column elementor-element elementor-element-86f3c03 pxl-column-none pxl-column-overflow-hidden-no\" data-id=\"86f3c03\" data-element_type=\"column\" data-e-type=\"column\" data-settings=\"{&quot;background_background&quot;:&quot;gradient&quot;}\">\r\n        <div class=\"elementor-widget-wrap elementor-element-populated\">\r\n                     \r\n        \t\t<div class=\"elementor-element elementor-element-343d0ac elementor-widget elementor-widget-pxl_image\" data-id=\"343d0ac\" data-element_type=\"widget\" data-e-type=\"widget\" data-widget_type=\"pxl_image.default\">\n\t\t\t\t<div class=\"elementor-widget-container\">\n\t\t\t\t\t<div id=\"pxl_image-343d0ac-9556\" class=\"pxl-image-single  pxl-disable-parallax-sm pxl-hide-sr-lg\" data-wow-delay=\"ms\"  >\r\n    <div class=\"pxl-item--inner\" data-wow-delay=\"120ms\">\r\n        \r\n                    <div class=\"pxl-item--image\" data-parallax-value=\"\">\r\n                                <img decoding=\"async\" width=\"18\" height=\"18\" src=\"https:\/\/hausarzt-emmerich.online\/wp-content\/uploads\/2024\/08\/ic2.png\" class=\"no-lazyload attachment-full\" alt=\"\" \/>                            <\/div>\r\n                \r\n    <\/div>\r\n<\/div>\t\t\t\t<\/div>\n\t\t\t\t<\/div>\n\t\t\t\t<div class=\"elementor-element elementor-element-4d6fabf ft-gt elementor-widget elementor-widget-pxl_heading\" data-id=\"4d6fabf\" data-element_type=\"widget\" data-e-type=\"widget\" data-widget_type=\"pxl_heading.default\">\n\t\t\t\t<div class=\"elementor-widget-container\">\n\t\t\t\t\t\n<div id=\"pxl-pxl_heading-4d6fabf-5063\" class=\"pxl-heading px-sub-title-default-style\">\n\t<div class=\"pxl-heading--inner\">\n\t\t\t\t\t<div class=\"pxl-item--subtitle px-sub-title-default\" data-wow-delay=\"ms\">\n\t\t\t\t<span class=\"pxl-item--subtext\">\n\t\t\t\t\t\t\t\t\t\t HausArztPraxis am Vital in Emmerich am Rhein\t\t\t\t<\/span>\n\t\t\t<\/div>\n\t\t\n\t\t<h3 class=\"pxl-item--title style-default  highlight-default pxl-split-text split-in-fade\" data-wow-delay=\"ms\">\n\t\t\t\t\tEMS-Therapie &#038; Training\n\t\n\t\t\t\n\t\t<\/h3>\n\t\t\n\t<\/div>\n<\/div>\t\t\t\t<\/div>\n\t\t\t\t<\/div>\n\t\t\t\t<div class=\"elementor-element elementor-element-939229d elementor-widget elementor-widget-pxl_text_editor\" data-id=\"939229d\" data-element_type=\"widget\" data-e-type=\"widget\" data-widget_type=\"pxl_text_editor.default\">\n\t\t\t\t<div class=\"elementor-widget-container\">\n\t\t\t\t\t<div class=\"pxl-text-editor default\">\n\t<div class=\"pxl-item--inner\" data-wow-delay=\"ms\">\n\t\t<p>Sanft, effektiv, innovativ.<br \/>Mit elektromuskul\u00e4rer Stimulation (EMS) aktivieren wir gezielt Muskeln, f\u00f6rdern den Aufbau von Kraft und helfen bei R\u00fcckenproblemen, Migr\u00e4ne oder Inkontinenz. Schon kurze Sitzungen k\u00f6nnen sp\u00fcrbare Ergebnisse bringen.<\/p>\t\t\n\t<\/div>\n<\/div>\t\t\t\t<\/div>\n\t\t\t\t<\/div>\n\t\t\t\t<div class=\"elementor-element elementor-element-c4e224f pxl-post-layout-service-1 elementor-widget__width-initial elementor-widget elementor-widget-pxl_post_grid\" data-id=\"c4e224f\" data-element_type=\"widget\" data-e-type=\"widget\" data-widget_type=\"pxl_post_grid.default\">\n\t\t\t\t<div class=\"elementor-widget-container\">\n\t\t\t\t\t\n<div id=\"pxl_post_grid-c4e224f-3221\" class=\"pxl-grid pxl-service-grid pxl-service-grid-layout1 pxl-service-style1\" data-start-page=\"1\" data-max-pages=\"7\" data-total=\"40\" data-perpage=\"6\" data-next-link=\"https:\/\/hausarzt-emmerich.online\/en\/wp-json\/wp\/v2\/pages\/12778\/page\/2\/\" data-layout=\"masonry\">\n    \n    <div class=\"pxl-grid-inner pxl-grid-masonry row\" data-gutter=\"15\">\n                    <div class=\"pxl-grid-item col-xl-4 col-lg-4 col-md-6 col-sm-6 col-12 diagnostik\">\n                <div class=\"pxl-post--inner wow fadeInUp\" data-wow-duration=\"1.2s\">\n                    <div class=\"pxl-post--featured\">\n                        <a href=\"https:\/\/hausarzt-emmerich.online\/en\/service\/leistungsdiagnostik\/\">   \n                                                                                                                    <span class=\"pxl-post--icon\">\n                                    <img fetchpriority=\"high\" decoding=\"async\" width=\"512\" height=\"512\" src=\"https:\/\/hausarzt-emmerich.online\/wp-content\/uploads\/2024\/09\/dollar.svg\" class=\"attachment-full\" alt=\"\" \/>                                <\/span>\n                                                    <\/a>\n                    <\/div>\n                    <div class=\"pxl-holder-content\">\n                        <h3 class=\"pxl-post--title\">\n                            <a href=\"https:\/\/hausarzt-emmerich.online\/en\/service\/leistungsdiagnostik\/\">Leistungsdiagnostik<\/a>\n                        <\/h3>\n\n                                                    <div class=\"pxl-post--content\">\n                                                                                                                                <\/div>\n                        \n                                                    <div class=\"pxl-post--readmore\">\n                                <a class=\"btn-readmore\" href=\"https:\/\/hausarzt-emmerich.online\/en\/service\/leistungsdiagnostik\/\">\n                                    <span>Weiterlesen<\/span>\n                                    <i class=\"flaticon flaticon-next\"><\/i>\n                                <\/a>\n                            <\/div>\n                                            <\/div>\n                <\/div>\n            <\/div>\n                    <div class=\"pxl-grid-item col-xl-4 col-lg-4 col-md-6 col-sm-6 col-12 spezielle-sprechstunden\">\n                <div class=\"pxl-post--inner wow fadeInUp\" data-wow-duration=\"1.2s\">\n                    <div class=\"pxl-post--featured\">\n                        <a href=\"https:\/\/hausarzt-emmerich.online\/en\/service\/kindersprechstunde-ab-2-lebenstag\/\">   \n                            <img decoding=\"async\" class=\"no-lazyload\" src=\"https:\/\/hausarzt-emmerich.online\/wp-content\/uploads\/2025\/06\/l03b-736x596.jpg\" width=\"736\" height=\"596\" alt=\"l03b\" title=\"l03b\" \/>                                                                                        <span class=\"pxl-post--icon\">\n                                    <img fetchpriority=\"high\" decoding=\"async\" width=\"512\" height=\"512\" src=\"https:\/\/hausarzt-emmerich.online\/wp-content\/uploads\/2024\/09\/dollar.svg\" class=\"attachment-full\" alt=\"\" \/>                                <\/span>\n                                                    <\/a>\n                    <\/div>\n                    <div class=\"pxl-holder-content\">\n                        <h3 class=\"pxl-post--title\">\n                            <a href=\"https:\/\/hausarzt-emmerich.online\/en\/service\/kindersprechstunde-ab-2-lebenstag\/\">Sprechstunde ab 2. Lebenstag<\/a>\n                        <\/h3>\n\n                                                    <div class=\"pxl-post--content\">\n                                                                                                                                <\/div>\n                        \n                                                    <div class=\"pxl-post--readmore\">\n                                <a class=\"btn-readmore\" href=\"https:\/\/hausarzt-emmerich.online\/en\/service\/kindersprechstunde-ab-2-lebenstag\/\">\n                                    <span>Weiterlesen<\/span>\n                                    <i class=\"flaticon flaticon-next\"><\/i>\n                                <\/a>\n                            <\/div>\n                                            <\/div>\n                <\/div>\n            <\/div>\n                    <div class=\"pxl-grid-item col-xl-4 col-lg-4 col-md-6 col-sm-6 col-12 therapie-behandlungen\">\n                <div class=\"pxl-post--inner wow fadeInUp\" data-wow-duration=\"1.2s\">\n                    <div class=\"pxl-post--featured\">\n                        <a href=\"https:\/\/hausarzt-emmerich.online\/en\/service\/radiofrequenz\/\">   \n                            <img loading=\"lazy\" decoding=\"async\" class=\"no-lazyload\" src=\"https:\/\/hausarzt-emmerich.online\/wp-content\/uploads\/2025\/09\/e6d9f74d-d95f-4c95-8fea-36425cfb36e9-736x596.jpg\" width=\"736\" height=\"596\" alt=\"e6d9f74d-d95f-4c95-8fea-36425cfb36e9\" title=\"e6d9f74d-d95f-4c95-8fea-36425cfb36e9\" \/>                                                                                        <span class=\"pxl-post--icon\">\n                                    <img fetchpriority=\"high\" decoding=\"async\" width=\"512\" height=\"512\" src=\"https:\/\/hausarzt-emmerich.online\/wp-content\/uploads\/2024\/09\/dollar.svg\" class=\"attachment-full\" alt=\"\" \/>                                <\/span>\n                                                    <\/a>\n                    <\/div>\n                    <div class=\"pxl-holder-content\">\n                        <h3 class=\"pxl-post--title\">\n                            <a href=\"https:\/\/hausarzt-emmerich.online\/en\/service\/radiofrequenz\/\">Radiofrequenz<\/a>\n                        <\/h3>\n\n                                                    <div class=\"pxl-post--content\">\n                                                                                                                                <\/div>\n                        \n                                                    <div class=\"pxl-post--readmore\">\n                                <a class=\"btn-readmore\" href=\"https:\/\/hausarzt-emmerich.online\/en\/service\/radiofrequenz\/\">\n                                    <span>Weiterlesen<\/span>\n                                    <i class=\"flaticon flaticon-next\"><\/i>\n                                <\/a>\n                            <\/div>\n                                            <\/div>\n                <\/div>\n            <\/div>\n                    <div class=\"pxl-grid-item col-xl-4 col-lg-4 col-md-6 col-sm-6 col-12 therapie-behandlungen\">\n                <div class=\"pxl-post--inner wow fadeInUp\" data-wow-duration=\"1.2s\">\n                    <div class=\"pxl-post--featured\">\n                        <a href=\"https:\/\/hausarzt-emmerich.online\/en\/service\/lymphdrainage\/\">   \n                            <img loading=\"lazy\" decoding=\"async\" class=\"no-lazyload\" src=\"https:\/\/hausarzt-emmerich.online\/wp-content\/uploads\/2025\/09\/a2f31937-3b2b-4dd4-b06c-db3c01ea7023-1-736x596.jpg\" width=\"736\" height=\"596\" alt=\"a2f31937-3b2b-4dd4-b06c-db3c01ea7023 (1)\" title=\"a2f31937-3b2b-4dd4-b06c-db3c01ea7023 (1)\" \/>                                                                                        <span class=\"pxl-post--icon\">\n                                    <img fetchpriority=\"high\" decoding=\"async\" width=\"512\" height=\"512\" src=\"https:\/\/hausarzt-emmerich.online\/wp-content\/uploads\/2024\/09\/dollar.svg\" class=\"attachment-full\" alt=\"\" \/>                                <\/span>\n                                                    <\/a>\n                    <\/div>\n                    <div class=\"pxl-holder-content\">\n                        <h3 class=\"pxl-post--title\">\n                            <a href=\"https:\/\/hausarzt-emmerich.online\/en\/service\/lymphdrainage\/\">Lymphdrainage<\/a>\n                        <\/h3>\n\n                                                    <div class=\"pxl-post--content\">\n                                                                                                                                <\/div>\n                        \n                                                    <div class=\"pxl-post--readmore\">\n                                <a class=\"btn-readmore\" href=\"https:\/\/hausarzt-emmerich.online\/en\/service\/lymphdrainage\/\">\n                                    <span>Weiterlesen<\/span>\n                                    <i class=\"flaticon flaticon-next\"><\/i>\n                                <\/a>\n                            <\/div>\n                                            <\/div>\n                <\/div>\n            <\/div>\n                <div class=\"grid-sizer col-xl-4 col-lg-4 col-md-6 col-sm-6 col-12\"><\/div>\n    <\/div>\n        <\/div>\t\t\t\t<\/div>\n\t\t\t\t<\/div>\n\t\t            <\/div>\r\n        <\/div>\r\n        \t\t\t<\/div>\n\t\t<\/section>\n\t\t\t\t<\/div>","protected":false},"excerpt":{"rendered":"<p>EMS-Therapie &#038; Training Home Sie haben Fragen zu unseren Leistungen? Senden Sie uns bitte eine E-Mail. Bitte ber\u00fccksichtigen Sie, dass wir 1 bis 3 Werktage zur Beantwortung Ihrer Fragen ben\u00f6tigen. Pr\u00fcfen Sie ggf. den SPAM-Ordner Ihres E-Mail Postfaches, falls Sie unsere Antwort noch vermissen. Vielen Dank! mail@hausarzt-emmerich.de HausArztPraxis am Vital in Emmerich am Rhein EMS-Therapie [&hellip;]<\/p>\n","protected":false},"author":1,"featured_media":0,"parent":0,"menu_order":0,"comment_status":"closed","ping_status":"closed","template":"","meta":{"footnotes":""},"class_list":["post-12778","page","type-page","status-publish","hentry"],"_links":{"self":[{"href":"https:\/\/hausarzt-emmerich.online\/en\/wp-json\/wp\/v2\/pages\/12778","targetHints":{"allow":["GET"]}}],"collection":[{"href":"https:\/\/hausarzt-emmerich.online\/en\/wp-json\/wp\/v2\/pages"}],"about":[{"href":"https:\/\/hausarzt-emmerich.online\/en\/wp-json\/wp\/v2\/types\/page"}],"author":[{"embeddable":true,"href":"https:\/\/hausarzt-emmerich.online\/en\/wp-json\/wp\/v2\/users\/1"}],"replies":[{"embeddable":true,"href":"https:\/\/hausarzt-emmerich.online\/en\/wp-json\/wp\/v2\/comments?post=12778"}],"version-history":[{"count":10,"href":"https:\/\/hausarzt-emmerich.online\/en\/wp-json\/wp\/v2\/pages\/12778\/revisions"}],"predecessor-version":[{"id":12871,"href":"https:\/\/hausarzt-emmerich.online\/en\/wp-json\/wp\/v2\/pages\/12778\/revisions\/12871"}],"wp:attachment":[{"href":"https:\/\/hausarzt-emmerich.online\/en\/wp-json\/wp\/v2\/media?parent=12778"}],"curies":[{"name":"wp","href":"https:\/\/api.w.org\/{rel}","templated":true}]}}